{"id":1006,"date":"2023-06-22T14:01:38","date_gmt":"2023-06-22T14:01:38","guid":{"rendered":"https:\/\/cepcar.pt\/cepcarmaquinaria\/?post_type=product&#038;p=1006"},"modified":"2025-04-25T20:43:07","modified_gmt":"2025-04-25T20:43:07","slug":"hmk62t","status":"publish","type":"product","link":"https:\/\/cepcar.pt\/cepcarmaquinaria\/produto\/hmk62t\/","title":{"rendered":"HMK62T"},"content":{"rendered":"","protected":false},"excerpt":{"rendered":"<h5 id=\"tw-target-text\" class=\"tw-data-text tw-text-large tw-ta\" dir=\"ltr\" data-placeholder=\"Translation\"><span class=\"Y2IQFc\" lang=\"pt\">A mini retroescavadora de esteiras HMK 62 T, projetada e produzida como resultado da combina\u00e7\u00e3o da experi\u00eancia<br \/>\nda H\u0130DROMEK no grupo de produtos de retroescavadoras com novas tecnologias, permite fazer todo o trabalho que<br \/>\numa mini carregadora e uma mini escavadora podem fazer por uma m\u00e1quina. Facilita as condi\u00e7\u00f5es de trabalho devido as dimens\u00f5es compactas e desempenho superior.<\/span><\/h5>\n","protected":false},"featured_media":1005,"comment_status":"open","ping_status":"closed","template":"","meta":{"_themeisle_gutenberg_block_has_review":false},"product_cat":[31],"product_tag":[],"class_list":["post-1006","product","type-product","status-publish","has-post-thumbnail","hentry","product_cat-hidromek"],"_links":{"self":[{"href":"https:\/\/cepcar.pt\/cepcarmaquinaria\/wp-json\/wp\/v2\/product\/1006","targetHints":{"allow":["GET"]}}],"collection":[{"href":"https:\/\/cepcar.pt\/cepcarmaquinaria\/wp-json\/wp\/v2\/product"}],"about":[{"href":"https:\/\/cepcar.pt\/cepcarmaquinaria\/wp-json\/wp\/v2\/types\/product"}],"replies":[{"embeddable":true,"href":"https:\/\/cepcar.pt\/cepcarmaquinaria\/wp-json\/wp\/v2\/comments?post=1006"}],"wp:featuredmedia":[{"embeddable":true,"href":"https:\/\/cepcar.pt\/cepcarmaquinaria\/wp-json\/wp\/v2\/media\/1005"}],"wp:attachment":[{"href":"https:\/\/cepcar.pt\/cepcarmaquinaria\/wp-json\/wp\/v2\/media?parent=1006"}],"wp:term":[{"taxonomy":"product_cat","embeddable":true,"href":"https:\/\/cepcar.pt\/cepcarmaquinaria\/wp-json\/wp\/v2\/product_cat?post=1006"},{"taxonomy":"product_tag","embeddable":true,"href":"https:\/\/cepcar.pt\/cepcarmaquinaria\/wp-json\/wp\/v2\/product_tag?post=1006"}],"curies":[{"name":"wp","href":"https:\/\/api.w.org\/{rel}","templated":true}]}}