{"id":165,"date":"2018-09-19T12:11:54","date_gmt":"2018-09-19T12:11:54","guid":{"rendered":"https:\/\/demo.wpoperation.com\/opstore\/?post_type=product&#038;p=165"},"modified":"2022-10-09T16:34:11","modified_gmt":"2022-10-09T16:34:11","slug":"t-shirt-with-logo-2","status":"publish","type":"product","link":"https:\/\/cepcar.pt\/cepcarmaquinaria\/produto\/t-shirt-with-logo-2\/","title":{"rendered":"HMK 500 LC HD"},"content":{"rendered":"<pre id=\"tw-target-text\" class=\"tw-data-text tw-text-large tw-ta\" dir=\"ltr\" data-placeholder=\"Tradu\u00e7\u00e3o\"><span class=\"Y2IQFc\" lang=\"pt\">HMK 500LC HD\r\nPoderosa. Forte. Equilibrada.\r\n\r\nA escavadora de lagartas HMK 500 LCHD oferece mais durabilidade, m\u00e1ximo desempenho, conforto do operador e facilidade de uso devido \u00e0 constru\u00e7\u00e3o refor\u00e7ada.\r\nResistente na S\u00e9rie H4 e sua tecnologia desenvolvida. Com uma estrutura robusta, oferece um trabalho suave e constante em condi\u00e7\u00f5es severas.\r\n\r\nMais resistente\r\n\r\nDevido \u00e0s melhorias feitas na estrutura do bra\u00e7o e da lan\u00e7a, usado materiais com mais durabilidade \u200b\u200bna S\u00e9rie H4, o HMK 500 LCHD tem uma estrutura mais fi\u00e1vel e oferece um alto desempenho, proporcionando uma resist\u00eancia e durabilidade necess\u00e1rias em pedreiras e outros.<\/span><\/pre>\n","protected":false},"excerpt":{"rendered":"<p>teste, produto testado<\/p>\n","protected":false},"featured_media":450,"comment_status":"open","ping_status":"closed","template":"","meta":{"_themeisle_gutenberg_block_has_review":false},"product_cat":[31],"product_tag":[],"class_list":["post-165","product","type-product","status-publish","has-post-thumbnail","hentry","product_cat-hidromek"],"_links":{"self":[{"href":"https:\/\/cepcar.pt\/cepcarmaquinaria\/wp-json\/wp\/v2\/product\/165","targetHints":{"allow":["GET"]}}],"collection":[{"href":"https:\/\/cepcar.pt\/cepcarmaquinaria\/wp-json\/wp\/v2\/product"}],"about":[{"href":"https:\/\/cepcar.pt\/cepcarmaquinaria\/wp-json\/wp\/v2\/types\/product"}],"replies":[{"embeddable":true,"href":"https:\/\/cepcar.pt\/cepcarmaquinaria\/wp-json\/wp\/v2\/comments?post=165"}],"wp:featuredmedia":[{"embeddable":true,"href":"https:\/\/cepcar.pt\/cepcarmaquinaria\/wp-json\/wp\/v2\/media\/450"}],"wp:attachment":[{"href":"https:\/\/cepcar.pt\/cepcarmaquinaria\/wp-json\/wp\/v2\/media?parent=165"}],"wp:term":[{"taxonomy":"product_cat","embeddable":true,"href":"https:\/\/cepcar.pt\/cepcarmaquinaria\/wp-json\/wp\/v2\/product_cat?post=165"},{"taxonomy":"product_tag","embeddable":true,"href":"https:\/\/cepcar.pt\/cepcarmaquinaria\/wp-json\/wp\/v2\/product_tag?post=165"}],"curies":[{"name":"wp","href":"https:\/\/api.w.org\/{rel}","templated":true}]}}