{"id":26,"date":"2018-09-13T15:04:09","date_gmt":"2018-09-13T15:04:09","guid":{"rendered":"https:\/\/demo.wpoperation.com\/opstore\/product\/import-placeholder-for-75\/"},"modified":"2022-11-15T17:45:13","modified_gmt":"2022-11-15T17:45:13","slug":"single","status":"publish","type":"product","link":"https:\/\/cepcar.pt\/cepcarmaquinaria\/produto\/single\/","title":{"rendered":"Wacker Neuson EZ 17"},"content":{"rendered":"<p>Wacker Neuson EZ 17<\/p>\n","protected":false},"excerpt":{"rendered":"<p>A escavadora compacta EZ17 \u00e9 a escavadora Zero Tail mais potente de sua classe. O motor diesel de grande capacidade, o sistema de detec\u00e7\u00e3o de carga LUDV (Load Sensing System) e um inovador sistema de refrigera\u00e7\u00e3o garantem o m\u00e1ximo desempenho e efici\u00eancia. O design compacto e robusto garante uma longa vida \u00fatil. A EZ17 oferece ao operador um campo de vis\u00e3o irrestrito atrav\u00e9s da janela do teto.<\/p>\n","protected":false},"featured_media":521,"comment_status":"open","ping_status":"closed","template":"","meta":{"_themeisle_gutenberg_block_has_review":false},"product_cat":[38],"product_tag":[],"class_list":["post-26","product","type-product","status-publish","has-post-thumbnail","hentry","product_cat-mini-giratorias"],"_links":{"self":[{"href":"https:\/\/cepcar.pt\/cepcarmaquinaria\/wp-json\/wp\/v2\/product\/26","targetHints":{"allow":["GET"]}}],"collection":[{"href":"https:\/\/cepcar.pt\/cepcarmaquinaria\/wp-json\/wp\/v2\/product"}],"about":[{"href":"https:\/\/cepcar.pt\/cepcarmaquinaria\/wp-json\/wp\/v2\/types\/product"}],"replies":[{"embeddable":true,"href":"https:\/\/cepcar.pt\/cepcarmaquinaria\/wp-json\/wp\/v2\/comments?post=26"}],"wp:featuredmedia":[{"embeddable":true,"href":"https:\/\/cepcar.pt\/cepcarmaquinaria\/wp-json\/wp\/v2\/media\/521"}],"wp:attachment":[{"href":"https:\/\/cepcar.pt\/cepcarmaquinaria\/wp-json\/wp\/v2\/media?parent=26"}],"wp:term":[{"taxonomy":"product_cat","embeddable":true,"href":"https:\/\/cepcar.pt\/cepcarmaquinaria\/wp-json\/wp\/v2\/product_cat?post=26"},{"taxonomy":"product_tag","embeddable":true,"href":"https:\/\/cepcar.pt\/cepcarmaquinaria\/wp-json\/wp\/v2\/product_tag?post=26"}],"curies":[{"name":"wp","href":"https:\/\/api.w.org\/{rel}","templated":true}]}}