{"id":611,"date":"2022-10-20T10:21:35","date_gmt":"2022-10-20T10:21:35","guid":{"rendered":"https:\/\/cepcar.pt\/cepcarmaquinaria\/?post_type=product&#038;p=611"},"modified":"2025-03-11T03:45:42","modified_gmt":"2025-03-11T03:45:42","slug":"hmk-62-ss","status":"publish","type":"product","link":"https:\/\/cepcar.pt\/cepcarmaquinaria\/produto\/hmk-62-ss\/","title":{"rendered":"HMK 62 SS"},"content":{"rendered":"<pre class=\"tw-data-text tw-text-large tw-ta\" dir=\"ltr\" data-placeholder=\"Tradu\u00e7\u00e3o\"><span class=\"Y2IQFc\" lang=\"pt\">Espa\u00e7oso e Confort\u00e1vel\r\n\r\nInterior da Cabine\r\n\r\n\r\n    Assento Ergon\u00f3mico do Operador\r\n    Sistema Avan\u00e7ado de Aquecimento e Resfriamento (A\/C)\r\n    Visor de informa\u00e7\u00f5es LCD\r\n    Janela Traseira Monol\u00edtica\r\n    Abrindo a Janela Lateral\r\n    R\u00e1dio e MP3 Player\r\n    Controles de joystick ergon\u00f3micos\r\n    Luz do Destino\r\n    Tomada de 12 Volts\r\n    \u00c1reas de armazenamento pessoal\r\n    Tapete\r\n    Acelerador de m\u00e3o\r\n\r\n\r\nMOTOR POTENTE DESEMPENHO EXCELENTE!\r\n\r\nMotor\r\nO cora\u00e7\u00e3o do trem de for\u00e7a HMK 62 SS \u00e9 o motor diesel turboalimentado KUBOTA, que \u00e9 compat\u00edvel com os regulamentos de emiss\u00e3o de gases de escape EPA Tier 4 e Est\u00e1gio III-A dos EUA. Este motor extraordin\u00e1rio cria uma pot\u00eancia de 59 HP, a melhor da sua classe. Esta pot\u00eancia oferece desempenho agressivo, tempos de ciclo r\u00e1pidos e resposta r\u00e1pida, o que facilita sua vida nos locais de trabalho.\r\n\r\nALTA EFICI\u00caNCIA, ESCOLHA INTELIGENTE.\r\n\r\nSistema hidr\u00e1ulico\r\nA bomba hidr\u00e1ulica tipo engrenagem simples e confi\u00e1vel fornece um fluxo hidr\u00e1ulico de 61 lt por min para a carregadeira, retro escavadora e linhas hidr\u00e1ulicas auxiliares. O resfriador de \u00f3leo hidr\u00e1ulico de alta efici\u00eancia permite que o HMK 62SS trabalhe mais e com mais for\u00e7a em temperaturas ambientes mais altas.\r\n\r\nHydaux\r\nGra\u00e7as ao sistema HYDAUX, n\u00e3o \u00e9 necess\u00e1rio segurar um bot\u00e3o para enviar \u00f3leo hidr\u00e1ulico continuamente para v\u00e1rios acess\u00f3rios opcionais localizados na frente.\r\n\r\nTrem de for\u00e7a\r\nAs bombas de pist\u00e3o axial de deslocamento vari\u00e1vel s\u00e3o acionadas pelo motor e fornecem fluxo hidr\u00e1ulico aos motores de acionamento. Os motores de acionamento transferem pot\u00eancia mec\u00e2nica para as rodas por meio de correntes de alta resist\u00eancia para cada lado da m\u00e1quina.\r\n\r\nLinha de disjuntor\r\nA linha hidr\u00e1ulica auxiliar de dupla face para o rompedor \u00e9 um equipamento padr\u00e3o para HMK 62 SS.\r\n\r\n<\/span><\/pre>\n<div id=\"tw-target-text-container\" class=\"tw-ta-container F0azHf tw-nfl\">\n<pre id=\"tw-target-text\" class=\"tw-data-text tw-text-large tw-ta\" dir=\"ltr\" data-placeholder=\"Tradu\u00e7\u00e3o\"><span class=\"Y2IQFc\" lang=\"pt\">DESEMPENHO DA CARREGADORA\r\n\r\nUma das caracter\u00edsticas que diferencia o HMK 62SS \u00e9 o desempenho superior do carregador frontal. Gra\u00e7as \u00e0 for\u00e7a de desagrega\u00e7\u00e3o da ca\u00e7amba e do bra\u00e7o da HMK 62 SS, a m\u00e1quina aciona a carga sem ser for\u00e7ada. Al\u00e9m disso, a geometria exclusiva da lan\u00e7a banana facilita o trabalho em locais onde o espa\u00e7o geralmente \u00e9 limitado.\r\n\r\nCom alta manobrabilidade e tra\u00e7\u00e3o nas 4 rodas, o HMK 62 SS garante alto desempenho em \u00e1reas urbanas.\r\n\r\nCa\u00e7amba de carregamento 6 em 1 com capacidade de 0,35 m3 oferece um n\u00edvel avan\u00e7ado de desempenho de carregamento. Gra\u00e7as \u00e0 geometria especial da ca\u00e7amba projetada com cuidado, obt\u00e9m-se o uso efetivo da capacidade da ca\u00e7amba.\r\n\r\nA dire\u00e7\u00e3o da m\u00e1quina \u00e9 controlada pelo joystick localizado no lado esquerdo do assento do operador. Joystick localizado no lado direito do assento permite que o operador execute trabalhos de carregamento com precis\u00e3o.\r\n\r\nComo equipamento padr\u00e3o, os adaptadores de engate r\u00e1pido na lan\u00e7a dianteira reduzem o tempo de deslocamento do implemento para que a m\u00e1quina possa permanecer no trabalho por mais tempo, o que aumenta a produtividade.<\/span><\/pre>\n<\/div>\n<div id=\"tw-target-rmn-container\" class=\"tw-target-rmn tw-ta-container F0azHf tw-nfl\">\n<pre id=\"tw-target-rmn\" class=\"tw-data-placeholder tw-text-small tw-ta\" dir=\"ltr\" data-placeholder=\"\"><\/pre>\n<\/div>\n<pre id=\"tw-target-text\" class=\"tw-data-text tw-text-large tw-ta\" dir=\"ltr\" data-placeholder=\"Tradu\u00e7\u00e3o\"><span class=\"Y2IQFc\" lang=\"pt\">\u00a0<\/span><\/pre>\n","protected":false},"excerpt":{"rendered":"<pre id=\"tw-target-text\" class=\"tw-data-text tw-text-large tw-ta\" dir=\"ltr\" data-placeholder=\"Tradu\u00e7\u00e3o\"><span class=\"Y2IQFc\" lang=\"pt\">HMK 62 SS\r\n<\/span><span class=\"Y2IQFc\" lang=\"pt\">Grande solu\u00e7\u00e3o em uma m\u00e1quina compacta\u2026 O novo membro da fam\u00edlia de retroescavadeiras desenvolvido com mais de 35 anos de experi\u00eancia da H\u0130DROMEK. O HMK 62 SS foi projetado para superar as expectativas do cliente; Alta Performance, Versatilidade, Conforto Operacional e Seguran\u00e7a. H\u0130DROMEK HMK 62 SS oferece ao cliente uma m\u00e1quina compacta, mas confi\u00e1vel e forte, mesmo nas condi\u00e7\u00f5es mais dif\u00edceis e com longas horas de trabalho. Voc\u00ea pode executar todos os trabalhos que exigem duas m\u00e1quinas diferentes, uma miniescavadeira e uma minicarregadeira, com uma \u00fanica m\u00e1quina. O HMK 62 SS oferece custos de investimento eleg\u00edveis e a possibilidade de gastar menos tempo para mais trabalho. O tamanho compacto da m\u00e1quina, capacidade de girar 360 graus em seu pr\u00f3prio eixo, lan\u00e7a banana da retroescavadeira, linhas hidr\u00e1ulicas auxiliares adicionais padr\u00e3o tornam a HMK 62 SS ideal para constru\u00e7\u00f5es urbanas e aplica\u00e7\u00f5es agr\u00edcolas onde o espa\u00e7o \u00e9 frequentemente limitado.<\/span><\/pre>\n<pre id=\"tw-target-text\" class=\"tw-data-text tw-text-large tw-ta\" dir=\"ltr\" data-placeholder=\"Tradu\u00e7\u00e3o\"><span class=\"Y2IQFc\" lang=\"pt\">\u00a0<\/span><\/pre>\n","protected":false},"featured_media":612,"comment_status":"open","ping_status":"closed","template":"","meta":{"_themeisle_gutenberg_block_has_review":false},"product_cat":[31,39],"product_tag":[],"class_list":["post-611","product","type-product","status-publish","has-post-thumbnail","hentry","product_cat-hidromek","product_cat-retroescavadora"],"_links":{"self":[{"href":"https:\/\/cepcar.pt\/cepcarmaquinaria\/wp-json\/wp\/v2\/product\/611","targetHints":{"allow":["GET"]}}],"collection":[{"href":"https:\/\/cepcar.pt\/cepcarmaquinaria\/wp-json\/wp\/v2\/product"}],"about":[{"href":"https:\/\/cepcar.pt\/cepcarmaquinaria\/wp-json\/wp\/v2\/types\/product"}],"replies":[{"embeddable":true,"href":"https:\/\/cepcar.pt\/cepcarmaquinaria\/wp-json\/wp\/v2\/comments?post=611"}],"wp:featuredmedia":[{"embeddable":true,"href":"https:\/\/cepcar.pt\/cepcarmaquinaria\/wp-json\/wp\/v2\/media\/612"}],"wp:attachment":[{"href":"https:\/\/cepcar.pt\/cepcarmaquinaria\/wp-json\/wp\/v2\/media?parent=611"}],"wp:term":[{"taxonomy":"product_cat","embeddable":true,"href":"https:\/\/cepcar.pt\/cepcarmaquinaria\/wp-json\/wp\/v2\/product_cat?post=611"},{"taxonomy":"product_tag","embeddable":true,"href":"https:\/\/cepcar.pt\/cepcarmaquinaria\/wp-json\/wp\/v2\/product_tag?post=611"}],"curies":[{"name":"wp","href":"https:\/\/api.w.org\/{rel}","templated":true}]}}