{"id":772,"date":"2022-10-20T13:53:44","date_gmt":"2022-10-20T13:53:44","guid":{"rendered":"https:\/\/cepcar.pt\/cepcarmaquinaria\/?post_type=product&#038;p=772"},"modified":"2022-10-20T14:06:07","modified_gmt":"2022-10-20T14:06:07","slug":"772","status":"publish","type":"product","link":"https:\/\/cepcar.pt\/cepcarmaquinaria\/produto\/772\/","title":{"rendered":"HMK 150 WR"},"content":{"rendered":"<pre id=\"tw-target-text\" class=\"tw-data-text tw-text-large tw-ta\" dir=\"ltr\" data-placeholder=\"Tradu\u00e7\u00e3o\"><span class=\"Y2IQFc\" lang=\"pt\">Vers\u00e1til!\r\nProporcionando uma confort\u00e1vel oportunidade de trabalho em muitos campos gra\u00e7as \u00e0 sua estrutura de cauda mais curta em compara\u00e7\u00e3o com as m\u00e1quinas projetadas padr\u00e3o e a vantagem do uso com diferentes implementos, a escavadora de rodas HMK 150 WR facilita o trabalho ao fornecer o m\u00e1ximo desempenho, facilidade de uso e conforto do operador atrav\u00e9s de sua alta tecnologia e estrutura dur\u00e1vel.\r\n\r\nOperacional\r\nCom seus movimentos hidr\u00e1ulicos r\u00e1pidos gra\u00e7as ao projeto do sistema hidr\u00e1ulico desenvolvido da S\u00e9rie H4, o HMK 150 WR garante que as opera\u00e7\u00f5es em diferentes campos sejam conclu\u00eddas em um curto espa\u00e7o de tempo com baixo custo gra\u00e7as aos seus tempos de ciclo de trabalho, raio de giro curto e dimens\u00f5es de trabalho.\r\n\r\nInovativa\r\nEscavadora de rodas HMK 150 WR que possui tecnologia e equipamentos superiores, oferece um ambiente de trabalho ergon\u00f3mico proporcionando o m\u00e1ximo conforto aos seus usu\u00e1rios atrav\u00e9s de suas vantagens de uso f\u00e1cil e seguro.<\/span><\/pre>\n","protected":false},"excerpt":{"rendered":"<pre id=\"tw-target-text\" class=\"tw-data-text tw-text-large tw-ta\" dir=\"ltr\" data-placeholder=\"Tradu\u00e7\u00e3o\"><span class=\"Y2IQFc\" lang=\"pt\">HMK 150 WR\r\nProduzida com um projeto de sistema hidr\u00e1ulico desenvolvido, a escavadeira de rodas HMK 150 WR, pertencente \u00e0 nova S\u00e9rie H4 da H\u0130DROMEK, oferece um excelente desempenho ao trabalhar com rapidez, produtividade e efici\u00eancia. Garantindo uma opera\u00e7\u00e3o confort\u00e1vel em campos estreitos gra\u00e7as ao seu raio de giro curto, o HMK 150 WR oferece uma oportunidade de trabalho agrad\u00e1vel e suave em \u00e1reas urbanas ou off-road com sua estrutura dur\u00e1vel e equilibrada, facilidade de uso, conforto do operador e ambiente de trabalho seguro<\/span><\/pre>\n","protected":false},"featured_media":773,"comment_status":"open","ping_status":"closed","template":"","meta":{"_themeisle_gutenberg_block_has_review":false},"product_cat":[48,31],"product_tag":[],"class_list":["post-772","product","type-product","status-publish","has-post-thumbnail","hentry","product_cat-escavadorash4series","product_cat-hidromek"],"_links":{"self":[{"href":"https:\/\/cepcar.pt\/cepcarmaquinaria\/wp-json\/wp\/v2\/product\/772","targetHints":{"allow":["GET"]}}],"collection":[{"href":"https:\/\/cepcar.pt\/cepcarmaquinaria\/wp-json\/wp\/v2\/product"}],"about":[{"href":"https:\/\/cepcar.pt\/cepcarmaquinaria\/wp-json\/wp\/v2\/types\/product"}],"replies":[{"embeddable":true,"href":"https:\/\/cepcar.pt\/cepcarmaquinaria\/wp-json\/wp\/v2\/comments?post=772"}],"wp:featuredmedia":[{"embeddable":true,"href":"https:\/\/cepcar.pt\/cepcarmaquinaria\/wp-json\/wp\/v2\/media\/773"}],"wp:attachment":[{"href":"https:\/\/cepcar.pt\/cepcarmaquinaria\/wp-json\/wp\/v2\/media?parent=772"}],"wp:term":[{"taxonomy":"product_cat","embeddable":true,"href":"https:\/\/cepcar.pt\/cepcarmaquinaria\/wp-json\/wp\/v2\/product_cat?post=772"},{"taxonomy":"product_tag","embeddable":true,"href":"https:\/\/cepcar.pt\/cepcarmaquinaria\/wp-json\/wp\/v2\/product_tag?post=772"}],"curies":[{"name":"wp","href":"https:\/\/api.w.org\/{rel}","templated":true}]}}