{"id":780,"date":"2022-10-20T17:22:31","date_gmt":"2022-10-20T17:22:31","guid":{"rendered":"https:\/\/cepcar.pt\/cepcarmaquinaria\/?post_type=product&#038;p=780"},"modified":"2022-10-20T17:22:31","modified_gmt":"2022-10-20T17:22:31","slug":"hmk-140-lc","status":"publish","type":"product","link":"https:\/\/cepcar.pt\/cepcarmaquinaria\/produto\/hmk-140-lc\/","title":{"rendered":"HMK 140 LC"},"content":{"rendered":"<pre id=\"tw-target-text\" class=\"tw-data-text tw-text-large tw-ta\" dir=\"ltr\" data-placeholder=\"Tradu\u00e7\u00e3o\"><span class=\"Y2IQFc\" lang=\"pt\">Mais dur\u00e1vel\r\nProduzidas para ter constru\u00e7\u00e3o refor\u00e7ada para servi\u00e7os pesados \u200b\u200bconsiderando o m\u00e1ximo desempenho, longa vida \u00fatil e opera\u00e7\u00e3o suave em condi\u00e7\u00f5es severas de campo, as escavadoras H\u0130DROMEK garantem maior durabilidade com as melhorias feitas na nova S\u00e9rie H4. Com sua constru\u00e7\u00e3o refor\u00e7ada para servi\u00e7os pesados \u200b\u200bproduzida nas modernas instala\u00e7\u00f5es de produ\u00e7\u00e3o da H\u0130DROMEK e passando por processos sens\u00edveis de controle de qualidade, as escavadoras da S\u00e9rie H4 t\u00eam excelente durabilidade.\r\n\r\nAmbiente de trabalho seguro\r\n\r\nCabine ROPS&amp;FOPS\r\nTendo os padr\u00f5es de ROPS (Roll Over Protective Structure) e FOPS (Falling Object Protective Structure), as escavadoras da S\u00e9rie H4 oferecem m\u00e1xima seguran\u00e7a e durabilidade.\r\n\r\nAmpla capacidade de vis\u00e3o\r\nProjetada para dar especial import\u00e2ncia \u00e0 seguran\u00e7a ocupacional, a S\u00e9rie H4 garante excelente vis\u00e3o, minimizando o ponto cego nas c\u00e2maras laterais e traseiras. Juntamente com o aumento do n\u00famero de far\u00f3is de led, a vis\u00e3o noturna \u00e9 significativamente melhorada nas escavadoras da s\u00e9rie H4; al\u00e9m disso, h\u00e1 tamb\u00e9m al\u00e7as vermelhas e etiquetas de aviso que proporcionam a m\u00e1xima seguran\u00e7a para o operador.\r\n\r\nSistemas de aviso sonoro\r\nAs escavadoras da s\u00e9rie H4 permitem um ambiente de trabalho mais seguro com sua buzina de partida autom\u00e1tica, sistema de aviso de giro e sistema de aviso de deslocamento.<\/span><\/pre>\n","protected":false},"excerpt":{"rendered":"<div id=\"tw-target-text-container\" class=\"tw-ta-container F0azHf tw-nfl\">\n<pre id=\"tw-target-text\" class=\"tw-data-text tw-text-large tw-ta\" dir=\"ltr\" data-placeholder=\"Tradu\u00e7\u00e3o\"><span class=\"Y2IQFc\" lang=\"pt\">HMK 140 LC\r\nNova S\u00e9rie H4\r\nInova\u00e7\u00e3o que vem da experi\u00eancia\r\nProduzidas com projeto de sistema hidr\u00e1ulico desenvolvido, as novas escavadoras da S\u00e9rie H4 da H\u0130DROMEK oferecem um desempenho excecional ao trabalhar com mais rapidez, produtividade e efici\u00eancia. As escavadoras da S\u00e9rie H4 produzem mais trabalho com menos combust\u00edvel; portanto, eles s\u00e3o mais lucrativos para seus usu\u00e1rios do que nunca.<\/span><\/pre>\n<\/div>\n<div id=\"tw-target-rmn-container\" class=\"tw-target-rmn tw-ta-container F0azHf tw-nfl\">\n<pre id=\"tw-target-rmn\" class=\"tw-data-placeholder tw-text-small tw-ta\" dir=\"ltr\" data-placeholder=\"\"><\/pre>\n<\/div>\n","protected":false},"featured_media":781,"comment_status":"open","ping_status":"closed","template":"","meta":{"_themeisle_gutenberg_block_has_review":false},"product_cat":[31],"product_tag":[],"class_list":["post-780","product","type-product","status-publish","has-post-thumbnail","hentry","product_cat-hidromek"],"_links":{"self":[{"href":"https:\/\/cepcar.pt\/cepcarmaquinaria\/wp-json\/wp\/v2\/product\/780","targetHints":{"allow":["GET"]}}],"collection":[{"href":"https:\/\/cepcar.pt\/cepcarmaquinaria\/wp-json\/wp\/v2\/product"}],"about":[{"href":"https:\/\/cepcar.pt\/cepcarmaquinaria\/wp-json\/wp\/v2\/types\/product"}],"replies":[{"embeddable":true,"href":"https:\/\/cepcar.pt\/cepcarmaquinaria\/wp-json\/wp\/v2\/comments?post=780"}],"wp:featuredmedia":[{"embeddable":true,"href":"https:\/\/cepcar.pt\/cepcarmaquinaria\/wp-json\/wp\/v2\/media\/781"}],"wp:attachment":[{"href":"https:\/\/cepcar.pt\/cepcarmaquinaria\/wp-json\/wp\/v2\/media?parent=780"}],"wp:term":[{"taxonomy":"product_cat","embeddable":true,"href":"https:\/\/cepcar.pt\/cepcarmaquinaria\/wp-json\/wp\/v2\/product_cat?post=780"},{"taxonomy":"product_tag","embeddable":true,"href":"https:\/\/cepcar.pt\/cepcarmaquinaria\/wp-json\/wp\/v2\/product_tag?post=780"}],"curies":[{"name":"wp","href":"https:\/\/api.w.org\/{rel}","templated":true}]}}