{"id":817,"date":"2022-10-20T18:08:01","date_gmt":"2022-10-20T18:08:01","guid":{"rendered":"https:\/\/cepcar.pt\/cepcarmaquinaria\/?post_type=product&#038;p=817"},"modified":"2022-10-20T18:08:01","modified_gmt":"2022-10-20T18:08:01","slug":"hmk-500-lc-hd","status":"publish","type":"product","link":"https:\/\/cepcar.pt\/cepcarmaquinaria\/produto\/hmk-500-lc-hd\/","title":{"rendered":"HMK 500 LC HD"},"content":{"rendered":"<pre id=\"tw-target-text\" class=\"tw-data-text tw-text-large tw-ta\" dir=\"ltr\" data-placeholder=\"Tradu\u00e7\u00e3o\"><span class=\"Y2IQFc\" lang=\"pt\">Mais resistente\r\n\r\nDevido \u00e0s melhorias feitas na estrutura do bra\u00e7o e da lan\u00e7a, trem de pouso e grupos de fixa\u00e7\u00e3o usando materiais mais dur\u00e1veis \u200b\u200bna S\u00e9rie H4, o HMK 500 LCHD tem uma estrutura mais dur\u00e1vel e oferece alto desempenho e uso de longa vida \u00fatil, proporcionando a resist\u00eancia e durabilidade necess\u00e1rias em pedreiras de m\u00e1rmore , minas e grandes canteiros de obras.<\/span><\/pre>\n","protected":false},"excerpt":{"rendered":"<pre id=\"tw-target-text\" class=\"tw-data-text tw-text-large tw-ta\" dir=\"ltr\" data-placeholder=\"Tradu\u00e7\u00e3o\"><span class=\"Y2IQFc\" lang=\"pt\">HMK 500LC HD\r\nPoderoso. Forte. Equilibrado.\r\n\r\nA escavadora de esteiras HMK 500 LCHD oferece mais durabilidade, desempenho m\u00e1ximo, conforto do operador e facilidade de uso devido \u00e0 constru\u00e7\u00e3o refor\u00e7ada do tipo resistente na S\u00e9rie H4 e sua tecnologia desenvolvida. Com sua estrutura robusta e balanceada, oferece um trabalho suave e constante para seu usu\u00e1rio em condi\u00e7\u00f5es severas de campo.<\/span><\/pre>\n","protected":false},"featured_media":818,"comment_status":"open","ping_status":"closed","template":"","meta":{"_themeisle_gutenberg_block_has_review":false},"product_cat":[31],"product_tag":[],"class_list":["post-817","product","type-product","status-publish","has-post-thumbnail","hentry","product_cat-hidromek"],"_links":{"self":[{"href":"https:\/\/cepcar.pt\/cepcarmaquinaria\/wp-json\/wp\/v2\/product\/817","targetHints":{"allow":["GET"]}}],"collection":[{"href":"https:\/\/cepcar.pt\/cepcarmaquinaria\/wp-json\/wp\/v2\/product"}],"about":[{"href":"https:\/\/cepcar.pt\/cepcarmaquinaria\/wp-json\/wp\/v2\/types\/product"}],"replies":[{"embeddable":true,"href":"https:\/\/cepcar.pt\/cepcarmaquinaria\/wp-json\/wp\/v2\/comments?post=817"}],"wp:featuredmedia":[{"embeddable":true,"href":"https:\/\/cepcar.pt\/cepcarmaquinaria\/wp-json\/wp\/v2\/media\/818"}],"wp:attachment":[{"href":"https:\/\/cepcar.pt\/cepcarmaquinaria\/wp-json\/wp\/v2\/media?parent=817"}],"wp:term":[{"taxonomy":"product_cat","embeddable":true,"href":"https:\/\/cepcar.pt\/cepcarmaquinaria\/wp-json\/wp\/v2\/product_cat?post=817"},{"taxonomy":"product_tag","embeddable":true,"href":"https:\/\/cepcar.pt\/cepcarmaquinaria\/wp-json\/wp\/v2\/product_tag?post=817"}],"curies":[{"name":"wp","href":"https:\/\/api.w.org\/{rel}","templated":true}]}}