{"id":884,"date":"2022-10-24T17:24:35","date_gmt":"2022-10-24T17:24:35","guid":{"rendered":"https:\/\/cepcar.pt\/cepcarmaquinaria\/?post_type=product&#038;p=884"},"modified":"2025-09-16T15:17:37","modified_gmt":"2025-09-16T15:17:37","slug":"xe55u","status":"publish","type":"product","link":"https:\/\/cepcar.pt\/cepcarmaquinaria\/produto\/xe55u\/","title":{"rendered":"XE55E"},"content":{"rendered":"","protected":false},"excerpt":{"rendered":"<div>XE55E, com elevada efici\u00eancia e conserva\u00e7\u00e3o de energia, \u00e9 principalmente utilizada para condi\u00e7\u00f5es de trabalho com terra. O potente motor YANMAR 3TNV88 e o sistema hidr\u00e1ulico s\u00e3o perfeitamente compat\u00edveis, o que pode garantir a fiabilidade do produto e definir um funcionamento de alta efici\u00eancia e economia de combust\u00edvel. Com pe\u00e7as estruturais refor\u00e7adas, \u00e9 aplic\u00e1vel para trabalhos de terraplanagem, constru\u00e7\u00e3o de estradas e engenharia municipal, e permite realizar facilmente opera\u00e7\u00f5es de escava\u00e7\u00e3o e carregamento.<\/div>\n","protected":false},"featured_media":1014,"comment_status":"open","ping_status":"closed","template":"","meta":{"_themeisle_gutenberg_block_has_review":false},"product_cat":[57,50],"product_tag":[],"class_list":["post-884","product","type-product","status-publish","has-post-thumbnail","hentry","product_cat-mini-giratorias-xcmg","product_cat-xcmg"],"_links":{"self":[{"href":"https:\/\/cepcar.pt\/cepcarmaquinaria\/wp-json\/wp\/v2\/product\/884","targetHints":{"allow":["GET"]}}],"collection":[{"href":"https:\/\/cepcar.pt\/cepcarmaquinaria\/wp-json\/wp\/v2\/product"}],"about":[{"href":"https:\/\/cepcar.pt\/cepcarmaquinaria\/wp-json\/wp\/v2\/types\/product"}],"replies":[{"embeddable":true,"href":"https:\/\/cepcar.pt\/cepcarmaquinaria\/wp-json\/wp\/v2\/comments?post=884"}],"wp:featuredmedia":[{"embeddable":true,"href":"https:\/\/cepcar.pt\/cepcarmaquinaria\/wp-json\/wp\/v2\/media\/1014"}],"wp:attachment":[{"href":"https:\/\/cepcar.pt\/cepcarmaquinaria\/wp-json\/wp\/v2\/media?parent=884"}],"wp:term":[{"taxonomy":"product_cat","embeddable":true,"href":"https:\/\/cepcar.pt\/cepcarmaquinaria\/wp-json\/wp\/v2\/product_cat?post=884"},{"taxonomy":"product_tag","embeddable":true,"href":"https:\/\/cepcar.pt\/cepcarmaquinaria\/wp-json\/wp\/v2\/product_tag?post=884"}],"curies":[{"name":"wp","href":"https:\/\/api.w.org\/{rel}","templated":true}]}}