{"id":886,"date":"2022-10-24T17:27:39","date_gmt":"2022-10-24T17:27:39","guid":{"rendered":"https:\/\/cepcar.pt\/cepcarmaquinaria\/?post_type=product&#038;p=886"},"modified":"2024-11-25T20:42:08","modified_gmt":"2024-11-25T20:42:08","slug":"xe35u","status":"publish","type":"product","link":"https:\/\/cepcar.pt\/cepcarmaquinaria\/produto\/xe35u\/","title":{"rendered":"XE35E"},"content":{"rendered":"","protected":false},"excerpt":{"rendered":"<div class=\"smal_tit\">Escavadora de lagartas<\/div>\n<div class=\"big_tit\">XE35E, escavadora hidr\u00e1ulica coopera com ferramentas de trabalho multifuncionais para completar tarefas tais como escava\u00e7\u00e3o, carregamento, nivelamento, escava\u00e7\u00e3o de valas, esmagamento, perfura\u00e7\u00e3o, fixa\u00e7\u00e3o, eleva\u00e7\u00e3o, etc. em hidroel\u00e9trica, transporte, municipal, jardim, transforma\u00e7\u00e3o de terrenos agr\u00edcolas, oleoduto, etc. \u00c9 amplamente utilizado na constru\u00e7\u00e3o e produ\u00e7\u00e3o. A forma geral da XE35U adota um desenho sem tamanho, que \u00e9 flex\u00edvel e vers\u00e1til. \u00c9 f\u00e1cil de trabalhar em condi\u00e7\u00f5es de espa\u00e7o reduzido, tais como ruas urbanas e caves. O raio ultrapequeno de giro garante a comodidade da constru\u00e7\u00e3o e melhora a seguran\u00e7a da constru\u00e7\u00e3o.<i class=\"iconfont\" data-code=\"xe8b5;\"><\/i><\/div>\n<div><\/div>\n","protected":false},"featured_media":887,"comment_status":"open","ping_status":"closed","template":"","meta":{"_themeisle_gutenberg_block_has_review":false},"product_cat":[57,50],"product_tag":[],"class_list":["post-886","product","type-product","status-publish","has-post-thumbnail","hentry","product_cat-mini-giratorias-xcmg","product_cat-xcmg"],"_links":{"self":[{"href":"https:\/\/cepcar.pt\/cepcarmaquinaria\/wp-json\/wp\/v2\/product\/886","targetHints":{"allow":["GET"]}}],"collection":[{"href":"https:\/\/cepcar.pt\/cepcarmaquinaria\/wp-json\/wp\/v2\/product"}],"about":[{"href":"https:\/\/cepcar.pt\/cepcarmaquinaria\/wp-json\/wp\/v2\/types\/product"}],"replies":[{"embeddable":true,"href":"https:\/\/cepcar.pt\/cepcarmaquinaria\/wp-json\/wp\/v2\/comments?post=886"}],"wp:featuredmedia":[{"embeddable":true,"href":"https:\/\/cepcar.pt\/cepcarmaquinaria\/wp-json\/wp\/v2\/media\/887"}],"wp:attachment":[{"href":"https:\/\/cepcar.pt\/cepcarmaquinaria\/wp-json\/wp\/v2\/media?parent=886"}],"wp:term":[{"taxonomy":"product_cat","embeddable":true,"href":"https:\/\/cepcar.pt\/cepcarmaquinaria\/wp-json\/wp\/v2\/product_cat?post=886"},{"taxonomy":"product_tag","embeddable":true,"href":"https:\/\/cepcar.pt\/cepcarmaquinaria\/wp-json\/wp\/v2\/product_tag?post=886"}],"curies":[{"name":"wp","href":"https:\/\/api.w.org\/{rel}","templated":true}]}}