{"id":991,"date":"2023-06-22T09:36:17","date_gmt":"2023-06-22T09:36:17","guid":{"rendered":"https:\/\/cepcar.pt\/cepcarmaquinaria\/?post_type=product&#038;p=991"},"modified":"2023-06-22T09:36:18","modified_gmt":"2023-06-22T09:36:18","slug":"xe18e","status":"publish","type":"product","link":"https:\/\/cepcar.pt\/cepcarmaquinaria\/produto\/xe18e\/","title":{"rendered":"XE18E"},"content":{"rendered":"<div class=\"smal_tit\">Escavadora de lagartas<\/div>\n<div class=\"big_tit\">XE18E<\/div>\n<div>com elevada efici\u00eancia e conserva\u00e7\u00e3o de energia, \u00e9 principalmente utilizado para condi\u00e7\u00f5es de trabalho com terra. O potente motor Kubota D902 e o sistema hidr\u00e1ulico s\u00e3o perfeitamente compat\u00edveis, o que pode garantir a fiabilidade do produto e definir um funcionamento de alta efici\u00eancia e economia de combust\u00edvel. Com pe\u00e7as estruturais refor\u00e7adas, \u00e9 aplic\u00e1vel para trabalhos de terraplanagem, constru\u00e7\u00e3o de estradas e engenharia municipal, e permite realizar facilmente opera\u00e7\u00f5es de escava\u00e7\u00e3o e carregamento.<\/div>\n","protected":false},"excerpt":{"rendered":"<p>Escavadora de lagartas XE18E com elevada efici\u00eancia e conserva\u00e7\u00e3o de energia, \u00e9 principalmente utilizado para condi\u00e7\u00f5es de trabalho com terra. O potente motor Kubota D902 e o sistema hidr\u00e1ulico s\u00e3o perfeitamente compat\u00edveis, o que pode garantir a fiabilidade do produto e definir um funcionamento de alta efici\u00eancia e economia de combust\u00edvel. Com pe\u00e7as estruturais refor\u00e7adas, [&hellip;]<\/p>\n","protected":false},"featured_media":992,"comment_status":"open","ping_status":"closed","template":"","meta":{"_themeisle_gutenberg_block_has_review":false},"product_cat":[57,50],"product_tag":[],"class_list":["post-991","product","type-product","status-publish","has-post-thumbnail","hentry","product_cat-mini-giratorias-xcmg","product_cat-xcmg"],"_links":{"self":[{"href":"https:\/\/cepcar.pt\/cepcarmaquinaria\/wp-json\/wp\/v2\/product\/991","targetHints":{"allow":["GET"]}}],"collection":[{"href":"https:\/\/cepcar.pt\/cepcarmaquinaria\/wp-json\/wp\/v2\/product"}],"about":[{"href":"https:\/\/cepcar.pt\/cepcarmaquinaria\/wp-json\/wp\/v2\/types\/product"}],"replies":[{"embeddable":true,"href":"https:\/\/cepcar.pt\/cepcarmaquinaria\/wp-json\/wp\/v2\/comments?post=991"}],"wp:featuredmedia":[{"embeddable":true,"href":"https:\/\/cepcar.pt\/cepcarmaquinaria\/wp-json\/wp\/v2\/media\/992"}],"wp:attachment":[{"href":"https:\/\/cepcar.pt\/cepcarmaquinaria\/wp-json\/wp\/v2\/media?parent=991"}],"wp:term":[{"taxonomy":"product_cat","embeddable":true,"href":"https:\/\/cepcar.pt\/cepcarmaquinaria\/wp-json\/wp\/v2\/product_cat?post=991"},{"taxonomy":"product_tag","embeddable":true,"href":"https:\/\/cepcar.pt\/cepcarmaquinaria\/wp-json\/wp\/v2\/product_tag?post=991"}],"curies":[{"name":"wp","href":"https:\/\/api.w.org\/{rel}","templated":true}]}}