{"id":993,"date":"2023-06-22T09:39:42","date_gmt":"2023-06-22T09:39:42","guid":{"rendered":"https:\/\/cepcar.pt\/cepcarmaquinaria\/?post_type=product&#038;p=993"},"modified":"2023-06-22T09:39:42","modified_gmt":"2023-06-22T09:39:42","slug":"xe19e","status":"publish","type":"product","link":"https:\/\/cepcar.pt\/cepcarmaquinaria\/produto\/xe19e\/","title":{"rendered":"XE19E"},"content":{"rendered":"<div class=\"woocommerce-product-details__short-description\">\n<div class=\"smal_tit\">Escavadora de lagartas<\/div>\n<div class=\"big_tit\">XE19E<\/div>\n<div>com elevada efici\u00eancia e conserva\u00e7\u00e3o de energia, \u00e9 principalmente utilizado para condi\u00e7\u00f5es de trabalho com terra. O potente motor Kubota D1105 e o sistema hidr\u00e1ulico s\u00e3o perfeitamente compat\u00edveis, o que pode garantir a fiabilidade do produto e definir um funcionamento de alta efici\u00eancia e economia de combust\u00edvel. Com pe\u00e7as estruturais refor\u00e7adas, \u00e9 aplic\u00e1vel para trabalhos de terraplanagem, constru\u00e7\u00e3o de estradas e engenharia municipal, e permite realizar facilmente opera\u00e7\u00f5es de escava\u00e7\u00e3o e carregamento.<\/div>\n<\/div>\n<div class=\"yith-wcwl-add-to-wishlist add-to-wishlist-888  wishlist-fragment on-first-load\" data-fragment-ref=\"888\" data-fragment-options=\"{&quot;base_url&quot;:&quot;&quot;,&quot;in_default_wishlist&quot;:false,&quot;is_single&quot;:true,&quot;show_exists&quot;:false,&quot;product_id&quot;:888,&quot;parent_product_id&quot;:888,&quot;product_type&quot;:&quot;simple&quot;,&quot;show_view&quot;:true,&quot;browse_wishlist_text&quot;:&quot;Browse wishlist&quot;,&quot;already_in_wishslist_text&quot;:&quot;The product is already in your wishlist!&quot;,&quot;product_added_text&quot;:&quot;Produto adicionado!&quot;,&quot;heading_icon&quot;:&quot;fa-heart-o&quot;,&quot;available_multi_wishlist&quot;:false,&quot;disable_wishlist&quot;:false,&quot;show_count&quot;:false,&quot;ajax_loading&quot;:false,&quot;loop_position&quot;:&quot;after_add_to_cart&quot;,&quot;item&quot;:&quot;add_to_wishlist&quot;}\">\n<div class=\"yith-wcwl-add-button\"><\/div>\n<\/div>\n","protected":false},"excerpt":{"rendered":"<p>Escavadora de lagartas XE19E com elevada efici\u00eancia e conserva\u00e7\u00e3o de energia, \u00e9 principalmente utilizado para condi\u00e7\u00f5es de trabalho com terra. O potente motor Kubota D1105 e o sistema hidr\u00e1ulico s\u00e3o perfeitamente compat\u00edveis, o que pode garantir a fiabilidade do produto e definir um funcionamento de alta efici\u00eancia e economia de combust\u00edvel. Com pe\u00e7as estruturais refor\u00e7adas, [&hellip;]<\/p>\n","protected":false},"featured_media":994,"comment_status":"open","ping_status":"closed","template":"","meta":{"_themeisle_gutenberg_block_has_review":false},"product_cat":[57,50],"product_tag":[],"class_list":["post-993","product","type-product","status-publish","has-post-thumbnail","hentry","product_cat-mini-giratorias-xcmg","product_cat-xcmg"],"_links":{"self":[{"href":"https:\/\/cepcar.pt\/cepcarmaquinaria\/wp-json\/wp\/v2\/product\/993","targetHints":{"allow":["GET"]}}],"collection":[{"href":"https:\/\/cepcar.pt\/cepcarmaquinaria\/wp-json\/wp\/v2\/product"}],"about":[{"href":"https:\/\/cepcar.pt\/cepcarmaquinaria\/wp-json\/wp\/v2\/types\/product"}],"replies":[{"embeddable":true,"href":"https:\/\/cepcar.pt\/cepcarmaquinaria\/wp-json\/wp\/v2\/comments?post=993"}],"wp:featuredmedia":[{"embeddable":true,"href":"https:\/\/cepcar.pt\/cepcarmaquinaria\/wp-json\/wp\/v2\/media\/994"}],"wp:attachment":[{"href":"https:\/\/cepcar.pt\/cepcarmaquinaria\/wp-json\/wp\/v2\/media?parent=993"}],"wp:term":[{"taxonomy":"product_cat","embeddable":true,"href":"https:\/\/cepcar.pt\/cepcarmaquinaria\/wp-json\/wp\/v2\/product_cat?post=993"},{"taxonomy":"product_tag","embeddable":true,"href":"https:\/\/cepcar.pt\/cepcarmaquinaria\/wp-json\/wp\/v2\/product_tag?post=993"}],"curies":[{"name":"wp","href":"https:\/\/api.w.org\/{rel}","templated":true}]}}